{"id":1439,"date":"2025-07-02T19:41:02","date_gmt":"2025-07-02T19:41:02","guid":{"rendered":"https:\/\/www.makersimple.com\/?page_id=1439"},"modified":"2025-07-02T19:41:02","modified_gmt":"2025-07-02T19:41:02","slug":"microbit-radio-me-gusta","status":"publish","type":"page","link":"https:\/\/makersimple.com\/?page_id=1439","title":{"rendered":"MicroBit Radio Me Gusta"},"content":{"rendered":"\n<p>Proyecto en el cual se comunican 2 micro:bit, siendo una emisora que env\u00eda un mensaje y otra receptora que est\u00e1 conectada a un servomotor el que se mueve en diferentes grados seg\u00fan el mensaje recibido.<\/p>\n\n\n\n<p>En este caso adaptaremos la programaci\u00f3n para que nos indique cual de los lenguajes vistos hasta el momento nos ha gustado m\u00e1s: SCRATCH, APPINVENTOR2 o MICROBIT. <\/p>\n\n\n\n<p>Puedes cambiar las palabras, pero recuerda tambi\u00e9n hacerlo en la programaci\u00f3n de las placas!<\/p>\n\n\n\n<h2 class=\"wp-block-heading\"><strong>MATERIALES:<\/strong><\/h2>\n\n\n\n<ul class=\"wp-block-list\">\n<li>2 microbit<\/li>\n\n\n\n<li>1 servomotor<\/li>\n\n\n\n<li>cables<\/li>\n\n\n\n<li>un panel semicirculo<\/li>\n<\/ul>\n\n\n\n<h2 class=\"wp-block-heading\"><strong>ARMADO:<\/strong><\/h2>\n\n\n\n<p>1-Cortar el cart\u00f3n para armar un semic\u00edrculo similar a la figura pero realizando 3 divisiones correspondientes a cada palabra. Puedes identificarlas con colores y las palabras.<\/p>\n\n\n\n<p>2-Colocar la flecha en sobre el motor<\/p>\n\n\n\n<p>3-Conectar los cables prestando atenci\u00f3n en el orden de los colores<\/p>\n\n\n\n<p><\/p>\n\n\n\n<h2 class=\"wp-block-heading\">VIDEO CONEXIONES:<\/h2>\n\n\n\n<figure class=\"wp-block-embed is-type-video is-provider-youtube wp-block-embed-youtube wp-embed-aspect-16-9 wp-has-aspect-ratio\"><div class=\"wp-block-embed__wrapper\">\n<iframe loading=\"lazy\" title=\"Proyecto Conexi\u00f3n con MicroBits - Conexiones en Receptor\" width=\"800\" height=\"450\" src=\"https:\/\/www.youtube.com\/embed\/N51cOv9PZw4?feature=oembed\" frameborder=\"0\" allow=\"accelerometer; autoplay; clipboard-write; encrypted-media; gyroscope; picture-in-picture; web-share\" referrerpolicy=\"strict-origin-when-cross-origin\" allowfullscreen><\/iframe>\n<\/div><\/figure>\n\n\n\n<p><\/p>\n\n\n\n<h2 class=\"wp-block-heading\"><strong>PROGRAMACI\u00d3N:<\/strong><\/h2>\n\n\n\n<p>Debemos programar diferente la microbit que se utilizar\u00e1 como emisor y la que se utiliza como receptor porque en esta \u00faltima colocaremos el motor.<\/p>\n\n\n\n<p>En <strong>ProgramoSimple.com<\/strong> encontrar\u00e1s la programaci\u00f3n de este proyecto en el siguiente enlace:<\/p>\n\n\n\n<h2 class=\"wp-block-heading\"><a href=\"https:\/\/programosimple.com\/microbit\/radio-me-gusta-microbit\/\" data-type=\"link\" data-id=\"https:\/\/programosimple.com\/microbit\/radio-me-gusta-microbit\/\" target=\"_blank\" rel=\"noreferrer noopener\">MicroBit Radio Me Gusta (enlace)<\/a><\/h2>\n\n\n\n<h2 class=\"wp-block-heading\">DEMOSTRACI\u00d3N:<\/h2>\n\n\n\n<figure class=\"wp-block-embed is-type-video is-provider-youtube wp-block-embed-youtube wp-embed-aspect-16-9 wp-has-aspect-ratio\"><div class=\"wp-block-embed__wrapper\">\n<iframe loading=\"lazy\" title=\"Proyecto Comunicaci\u00f3n entre MicroBits - Demostraci\u00f3n\" width=\"800\" height=\"450\" src=\"https:\/\/www.youtube.com\/embed\/WMHHb4HfpLA?feature=oembed\" frameborder=\"0\" allow=\"accelerometer; autoplay; clipboard-write; encrypted-media; gyroscope; picture-in-picture; web-share\" referrerpolicy=\"strict-origin-when-cross-origin\" allowfullscreen><\/iframe>\n<\/div><\/figure>\n\n\n\n<h2 class=\"wp-block-heading\"><strong>ERRORES:<\/strong><\/h2>\n\n\n\n<p>Deber\u00e1s ajustar los grados dependiendo de d\u00f3nde quieres que quede la flecha.<\/p>\n\n\n\n<h2 class=\"wp-block-heading\"><strong>AVANZADO:<\/strong><\/h2>\n\n\n\n<p>Puedes explorar hacer otros movimientos con el servomotor.<\/p>\n\n\n\n<p>Por ejemplo utilizar alguna franja de movimientos d\u00e1ndole una pausa de 300ms.<\/p>\n\n\n\n<p>O hacer que se repita lo mismo por medio de un bucle 3 veces cambiando a diferentes posiciones.<\/p>\n\n\n\n<p>Adem\u00e1s tambi\u00e9n se puede adaptar el funcionamiento para cualquier proyecto que utilice comunicaci\u00f3n entre 2 micro:bit.<\/p>\n\n\n\n<h2 class=\"wp-block-heading\">COMPARTE!<\/h2>\n\n\n\n<p>Si este art\u00edculo te ha parecido de utilidad, por favor comp\u00e1rtelo, as\u00ed nos ayudas a difundir nuestro proyecto y a ayudar a m\u00e1s personas que desean aprender!<\/p>\n","protected":false},"excerpt":{"rendered":"<p>Proyecto en el cual se comunican 2 micro:bit, siendo una emisora que env\u00eda un mensaje y otra receptora que est\u00e1 conectada a un servomotor el que se mueve en diferentes grados seg\u00fan el mensaje recibido. En este caso adaptaremos la programaci\u00f3n para que nos indique cual de los lenguajes vistos hasta el momento nos ha [&hellip;]<\/p>\n","protected":false},"author":1,"featured_media":2189,"parent":1437,"menu_order":0,"comment_status":"closed","ping_status":"closed","template":"","meta":{"footnotes":""},"class_list":["post-1439","page","type-page","status-publish","has-post-thumbnail","hentry"],"_links":{"self":[{"href":"https:\/\/makersimple.com\/index.php?rest_route=\/wp\/v2\/pages\/1439","targetHints":{"allow":["GET"]}}],"collection":[{"href":"https:\/\/makersimple.com\/index.php?rest_route=\/wp\/v2\/pages"}],"about":[{"href":"https:\/\/makersimple.com\/index.php?rest_route=\/wp\/v2\/types\/page"}],"author":[{"embeddable":true,"href":"https:\/\/makersimple.com\/index.php?rest_route=\/wp\/v2\/users\/1"}],"replies":[{"embeddable":true,"href":"https:\/\/makersimple.com\/index.php?rest_route=%2Fwp%2Fv2%2Fcomments&post=1439"}],"version-history":[{"count":0,"href":"https:\/\/makersimple.com\/index.php?rest_route=\/wp\/v2\/pages\/1439\/revisions"}],"up":[{"embeddable":true,"href":"https:\/\/makersimple.com\/index.php?rest_route=\/wp\/v2\/pages\/1437"}],"wp:featuredmedia":[{"embeddable":true,"href":"https:\/\/makersimple.com\/index.php?rest_route=\/"}],"wp:attachment":[{"href":"https:\/\/makersimple.com\/index.php?rest_route=%2Fwp%2Fv2%2Fmedia&parent=1439"}],"curies":[{"name":"wp","href":"https:\/\/api.w.org\/{rel}","templated":true}]}}